{"id":86,"date":"2025-09-06T09:53:00","date_gmt":"2025-09-06T08:53:00","guid":{"rendered":"https:\/\/aromandala.com\/?post_type=product&#038;p=86"},"modified":"2025-09-06T13:22:31","modified_gmt":"2025-09-06T12:22:31","slug":"wosk-zapachowy-do-kominka","status":"publish","type":"product","link":"https:\/\/aromandala.com\/?product=wosk-zapachowy-do-kominka","title":{"rendered":"Wosk zapachowy do kominka"},"content":{"rendered":"<blockquote><p>Stw\u00f3rz w swoim domu przestrze\u0144, kt\u00f3ra naprawd\u0119 Ci\u0119 otuli.<\/p><\/blockquote>\n<p>Nasze woski do kominka to co\u015b wi\u0119cej ni\u017c tylko zapach \u2013 to ma\u0142e, r\u0119cznie robione chwile spokoju i przyjemno\u015bci. Ka\u017cdy z nich, o wadze 50g, jest efektem starannego rzemios\u0142a, z wykorzystaniem wy\u0142\u0105cznie naturalnego wosku sojowego i olejk\u00f3w zapachowych klasy premium. Dzi\u0119ki temu mo\u017cesz cieszy\u0107 si\u0119 czystym i d\u0142ugotrwa\u0142ym aromatem, kt\u00f3ry wype\u0142ni Twoje wn\u0119trze.<\/p>\n<p>\u200bZatrzymaj si\u0119 na chwil\u0119, wybierz sw\u00f3j zapach i poczuj, jak z ka\u017cdym stopionym kawa\u0142kiem wosku, Tw\u00f3j dom staje si\u0119 miejscem pe\u0142nym komfortu i harmonii.<\/p>\n<p>\u200b<strong>Nasze zapachy<\/strong><\/p>\n<p>\u200b<em>R\u00f3\u017ca<\/em>: Pozw\u00f3l sobie na odrobin\u0119 romantyzmu. Ten klasyczny zapach otuli Ci\u0119 subtelnym, kwiatowym aromatem, tworz\u0105c atmosfer\u0119 spokoju i elegancji.<\/p>\n<p>\u200b<em>Fresh Line:<\/em> Czysto\u015b\u0107 i \u015bwie\u017co\u015b\u0107 w jednym. Poczuj lekko\u015b\u0107, kt\u00f3ra przypomina \u015bwie\u017ce pranie suszone na s\u0142o\u0144cu i wprowad\u017a do swojego domu powiew od\u015bwie\u017cenia.<\/p>\n<p>\u200b<em>Mandarynka z drzewem sanda\u0142owym<\/em>: Daj si\u0119 ponie\u015b\u0107 tej zmys\u0142owej kompozycji. Soczysta mandarynka w po\u0142\u0105czeniu z ciep\u0142ym drzewem sanda\u0142owym to idealny duet, kt\u00f3ry pozwoli Ci si\u0119 odpr\u0119\u017cy\u0107 i zrelaksowa\u0107 po ci\u0119\u017ckim dniu.<\/p>\n<p>\u200b<strong>U\u017cycie<\/strong>: Po prostu umie\u015b\u0107 go w swoim kominku, zapal tealighta i pozw\u00f3l, by magia zapachu zacz\u0119\u0142a dzia\u0142a\u0107.<\/p>\n","protected":false},"excerpt":{"rendered":"<p>Wosk zapachowy do kominka &#8211; r\u00f3\u017cne zapachy<\/p>\n","protected":false},"featured_media":96,"comment_status":"open","ping_status":"closed","template":"","meta":[],"product_brand":[],"product_cat":[25],"product_tag":[27,26],"class_list":{"0":"post-86","1":"product","2":"type-product","3":"status-publish","4":"has-post-thumbnail","6":"product_cat-zapachy","7":"product_tag-woski-zapachowe","8":"product_tag-zapachy","9":"product_shipping_class-small-mala","11":"first","12":"instock","13":"shipping-taxable","14":"purchasable","15":"product-type-variable"},"_links":{"self":[{"href":"https:\/\/aromandala.com\/index.php?rest_route=\/wp\/v2\/product\/86","targetHints":{"allow":["GET"]}}],"collection":[{"href":"https:\/\/aromandala.com\/index.php?rest_route=\/wp\/v2\/product"}],"about":[{"href":"https:\/\/aromandala.com\/index.php?rest_route=\/wp\/v2\/types\/product"}],"replies":[{"embeddable":true,"href":"https:\/\/aromandala.com\/index.php?rest_route=%2Fwp%2Fv2%2Fcomments&post=86"}],"wp:featuredmedia":[{"embeddable":true,"href":"https:\/\/aromandala.com\/index.php?rest_route=\/wp\/v2\/media\/96"}],"wp:attachment":[{"href":"https:\/\/aromandala.com\/index.php?rest_route=%2Fwp%2Fv2%2Fmedia&parent=86"}],"wp:term":[{"taxonomy":"product_brand","embeddable":true,"href":"https:\/\/aromandala.com\/index.php?rest_route=%2Fwp%2Fv2%2Fproduct_brand&post=86"},{"taxonomy":"product_cat","embeddable":true,"href":"https:\/\/aromandala.com\/index.php?rest_route=%2Fwp%2Fv2%2Fproduct_cat&post=86"},{"taxonomy":"product_tag","embeddable":true,"href":"https:\/\/aromandala.com\/index.php?rest_route=%2Fwp%2Fv2%2Fproduct_tag&post=86"}],"curies":[{"name":"wp","href":"https:\/\/api.w.org\/{rel}","templated":true}]}}