{"id":78,"date":"2025-09-04T11:21:21","date_gmt":"2025-09-04T10:21:21","guid":{"rendered":"https:\/\/aromandala.com\/?post_type=product&#038;p=78"},"modified":"2025-12-02T22:24:31","modified_gmt":"2025-12-02T22:24:31","slug":"zielona-torebka-z-dwoma-paskami-nr-1","status":"publish","type":"product","link":"https:\/\/aromandala.com\/?product=zielona-torebka-z-dwoma-paskami-nr-1","title":{"rendered":"Zielona torebka z dwoma paskami nr 1"},"content":{"rendered":"<blockquote><p>Torebka, kt\u00f3ra ma dwa oblicza<\/p><\/blockquote>\n<p>\u200bPoszukujesz torebki, kt\u00f3ra idealnie pasuje do Twojego nastroju? Nasza zielona torebka na szyde\u0142ku jest odpowiedzi\u0105! R\u0119cznie pleciony korpus z trwa\u0142ej prz\u0119dzy poliestrowej jest nie tylko stylowy, ale te\u017c niezwykle pojemny. Klapka z ekosk\u00f3ry zapewnia wygod\u0119 i bezpieczne zamkni\u0119cie.<\/p>\n<p>\u200bW zestawie znajdziesz dwa paski, dzi\u0119ki kt\u00f3rym torebka zmienia si\u0119 w mgnieniu oka. Do codziennych, stonowanych stylizacji pasuje klasyczny pasek z ekosk\u00f3ry. Kiedy masz ochot\u0119 zaszale\u0107, za\u0142\u00f3\u017c kolorowy pasek z wzorami i zielonymi detalami, kt\u00f3ry doda Ci energii i wyr\u00f3\u017cni Ci\u0119 z t\u0142umu.<\/p>\n<p><strong>Materia\u0142:<\/strong> Korpus z p\u0142askiej prz\u0119dzy poliestrowej (wykonany na szyde\u0142ku), klapka z ekosk\u00f3ry.<\/p>\n<p>\u200b<strong>Kolor:<\/strong> Zielony (korpus), zielony\/br\u0105zowy (ekosk\u00f3ra).<\/p>\n<p>\u200b<strong>Paski:<\/strong> W zestawie dwa paski \u2013 jeden z ekosk\u00f3ry (w kolorze klapki), drugi kolorowy z zielonymi akcentami.<\/p>\n<p>\u200b<strong>Wykonanie:<\/strong> R\u0119cznie robiona.<\/p>\n<p>\u200b<strong>Wymiary:<\/strong> szeroko\u015b\u0107 &#8211; 23 &#8211; 25cm, wysoko\u015b\u0107 &#8211; 22cm, g\u0142\u0119boko\u015b\u0107 &#8211; 10cm.<\/p>\n","protected":false},"excerpt":{"rendered":"<p>Torebka z dwoma wymiennymi paskami zielona.<\/p>\n","protected":false},"featured_media":79,"comment_status":"open","ping_status":"closed","template":"","meta":[],"product_brand":[],"product_cat":[18],"product_tag":[20,19,21],"class_list":{"0":"post-78","1":"product","2":"type-product","3":"status-publish","4":"has-post-thumbnail","6":"product_cat-torebki","7":"product_tag-poliester","8":"product_tag-torebka","9":"product_tag-zielony","11":"first","12":"onbackorder","13":"shipping-taxable","14":"purchasable","15":"product-type-simple"},"_links":{"self":[{"href":"https:\/\/aromandala.com\/index.php?rest_route=\/wp\/v2\/product\/78","targetHints":{"allow":["GET"]}}],"collection":[{"href":"https:\/\/aromandala.com\/index.php?rest_route=\/wp\/v2\/product"}],"about":[{"href":"https:\/\/aromandala.com\/index.php?rest_route=\/wp\/v2\/types\/product"}],"replies":[{"embeddable":true,"href":"https:\/\/aromandala.com\/index.php?rest_route=%2Fwp%2Fv2%2Fcomments&post=78"}],"wp:featuredmedia":[{"embeddable":true,"href":"https:\/\/aromandala.com\/index.php?rest_route=\/wp\/v2\/media\/79"}],"wp:attachment":[{"href":"https:\/\/aromandala.com\/index.php?rest_route=%2Fwp%2Fv2%2Fmedia&parent=78"}],"wp:term":[{"taxonomy":"product_brand","embeddable":true,"href":"https:\/\/aromandala.com\/index.php?rest_route=%2Fwp%2Fv2%2Fproduct_brand&post=78"},{"taxonomy":"product_cat","embeddable":true,"href":"https:\/\/aromandala.com\/index.php?rest_route=%2Fwp%2Fv2%2Fproduct_cat&post=78"},{"taxonomy":"product_tag","embeddable":true,"href":"https:\/\/aromandala.com\/index.php?rest_route=%2Fwp%2Fv2%2Fproduct_tag&post=78"}],"curies":[{"name":"wp","href":"https:\/\/api.w.org\/{rel}","templated":true}]}}