{"id":184,"date":"2025-12-02T23:07:20","date_gmt":"2025-12-02T23:07:20","guid":{"rendered":"https:\/\/aromandala.com\/?post_type=product&#038;p=184"},"modified":"2025-12-02T23:07:54","modified_gmt":"2025-12-02T23:07:54","slug":"dywan-szydelkowy-ze-sznurka-bawelnianego","status":"publish","type":"product","link":"https:\/\/aromandala.com\/?product=dywan-szydelkowy-ze-sznurka-bawelnianego","title":{"rendered":"Dywan Szyde\u0142kowy ze sznurka bawe\u0142nianego"},"content":{"rendered":"<blockquote><p><strong>Dywan Szydelkowy z Bawe\u0142ny<\/strong> &#8211; 100cm <strong>Elegancji i Wygody<\/strong><\/p>\n<p>Odkryj magi\u0119 r\u0119kodzie\u0142a i postaw na unikalny akcent w swoim wn\u0119trzu! Ten okrag\u0142y dywan jest kwintensencja stylu boho i skandynawskiego minimalizmu. Zosta\u0142 starannie wykonany na szyde\u0142ku, co garantuje jego niepowtarzaln\u0105 fakture i doskona\u0142\u0105 jako\u015b\u0107 wykonania.<\/p>\n<p><strong>Trwa\u0142o\u015b\u0107 i Naturalne Materia\u0142y<\/strong><\/p>\n<p>U\u017cywamy wy\u0142\u0105cznie sznurka bawe\u0142nianego o grubo\u015bci 5 mm, kt\u00f3ry jest nie tylko przyjemny w dotyku, ale tak\u017ce wyj\u0105tkowo odporny na odkszta\u0142cenia i codzienna eksploatacj\u0119. Bawe\u0142na to materia\u0142 antyalergiczny, bezpieczny dla dzieci i idealny dla os\u00f3b z wra\u017cliw\u0105 sk\u00f3r\u0105.<\/p>\n<p><strong>Kolory i zastosowanie<\/strong><\/p>\n<p>Dywan o \u015brednicy 100cm jest idealny jako dywanik pod stolik kawowy lub uroczy element pod fotel w k\u0105ciku do czytania lub ogladania telewizji. Stonowana paleta barw &#8211; ciep\u0142y Be\u017c, klasyczny Ecru i naturalny Szary &#8211; pozwala idealnie dopasowa\u0107 go do ka\u017cdego wnetrza, od nowoczesnego po rustykalne.<\/p>\n<p><strong>Kszta\u0142t<\/strong>: Okr\u0105g\u0142y<\/p>\n<p><strong>Czyszczenie<\/strong>: Mo\u017cna prac w temp. 30C, nie wirowa\u0107<\/p>\n<p><strong>Uwaga<\/strong>: Mo\u017cliwo\u015b\u0107 zam\u00f3wienia w innej kolorystyce i wymiarach.<\/p><\/blockquote>\n<p>&nbsp;<\/p>\n<blockquote><p>&nbsp;<\/p><\/blockquote>\n","protected":false},"excerpt":{"rendered":"<p>Recznie robiony dywan na szyde\u0142ku o \u015brednicy 100cm. Wykonany z grubego sznurka bawe\u0142nianego 5 mm,jest wyj\u0105tkowo gruby i trwa\u0142y. idealny do salonu, sypialni lub pokoju dzieci\u0119cego. Dostepny w stonowanej kolorystyce: Be\u017c, Ecru i Szary.<\/p>\n","protected":false},"featured_media":187,"comment_status":"open","ping_status":"closed","template":"","meta":[],"product_brand":[],"product_cat":[37],"product_tag":[56,58,52,57,53,54,41,59,55],"class_list":{"0":"post-184","1":"product","2":"type-product","3":"status-publish","4":"has-post-thumbnail","6":"product_cat-dywany-bawelniane","7":"product_tag-dywan-boho","8":"product_tag-dywan-okragly-dyean-100cm","9":"product_tag-dywan-recznie-robiony","10":"product_tag-dywan-skandynaski","11":"product_tag-dywan-szydelkowy","12":"product_tag-dywan-ze-sznurka","13":"product_tag-handmade","14":"product_tag-handmade-decor","15":"product_tag-sznurek-bawelniany","17":"first","18":"instock","19":"shipping-taxable","20":"purchasable","21":"product-type-simple"},"_links":{"self":[{"href":"https:\/\/aromandala.com\/index.php?rest_route=\/wp\/v2\/product\/184","targetHints":{"allow":["GET"]}}],"collection":[{"href":"https:\/\/aromandala.com\/index.php?rest_route=\/wp\/v2\/product"}],"about":[{"href":"https:\/\/aromandala.com\/index.php?rest_route=\/wp\/v2\/types\/product"}],"replies":[{"embeddable":true,"href":"https:\/\/aromandala.com\/index.php?rest_route=%2Fwp%2Fv2%2Fcomments&post=184"}],"wp:featuredmedia":[{"embeddable":true,"href":"https:\/\/aromandala.com\/index.php?rest_route=\/wp\/v2\/media\/187"}],"wp:attachment":[{"href":"https:\/\/aromandala.com\/index.php?rest_route=%2Fwp%2Fv2%2Fmedia&parent=184"}],"wp:term":[{"taxonomy":"product_brand","embeddable":true,"href":"https:\/\/aromandala.com\/index.php?rest_route=%2Fwp%2Fv2%2Fproduct_brand&post=184"},{"taxonomy":"product_cat","embeddable":true,"href":"https:\/\/aromandala.com\/index.php?rest_route=%2Fwp%2Fv2%2Fproduct_cat&post=184"},{"taxonomy":"product_tag","embeddable":true,"href":"https:\/\/aromandala.com\/index.php?rest_route=%2Fwp%2Fv2%2Fproduct_tag&post=184"}],"curies":[{"name":"wp","href":"https:\/\/api.w.org\/{rel}","templated":true}]}}