{"id":127,"date":"2025-09-08T10:45:32","date_gmt":"2025-09-08T09:45:32","guid":{"rendered":"https:\/\/aromandala.com\/?post_type=product&#038;p=127"},"modified":"2025-09-08T10:47:23","modified_gmt":"2025-09-08T09:47:23","slug":"127","status":"publish","type":"product","link":"https:\/\/aromandala.com\/?product=127","title":{"rendered":"Mandala drzewo \u017cycia"},"content":{"rendered":"<blockquote><p>Drzewo \u017cycia &#8211; odrobina magii w Twoim domu<\/p><\/blockquote>\n<p>\u200bCiesz si\u0119 prostot\u0105 i magi\u0105 r\u0119kodzie\u0142a. Mandala Drzewo \u017bycia jest stworzona z my\u015bl\u0105 o wn\u0119trzu, kt\u00f3re potrzebuje delikatnego i wyj\u0105tkowego akcentu.<\/p>\n<p>\u200bWykonane z cienkiego szarego kordonka, zawieszone na obr\u0119czy o \u015brednicy 50 cm. To nie tylko ozdoba, ale r\u00f3wnie\u017c symbol si\u0142y, wzrostu i r\u00f3wnowagi.<\/p>\n<p>\u200bIdealne, by doda\u0107 Twojej przestrzeni ciep\u0142a i oryginalno\u015bci.<\/p>\n<p>\u200b<\/p>\n","protected":false},"excerpt":{"rendered":"<blockquote><p>&nbsp;<\/p><\/blockquote>\n","protected":false},"featured_media":8,"comment_status":"open","ping_status":"closed","template":"","meta":[],"product_brand":[],"product_cat":[28],"product_tag":[29,30],"class_list":{"0":"post-127","1":"product","2":"type-product","3":"status-publish","4":"has-post-thumbnail","6":"product_cat-mandale","7":"product_tag-mandala","8":"product_tag-szary","9":"product_shipping_class-large-duza","11":"first","12":"instock","13":"shipping-taxable","14":"purchasable","15":"product-type-simple"},"_links":{"self":[{"href":"https:\/\/aromandala.com\/index.php?rest_route=\/wp\/v2\/product\/127","targetHints":{"allow":["GET"]}}],"collection":[{"href":"https:\/\/aromandala.com\/index.php?rest_route=\/wp\/v2\/product"}],"about":[{"href":"https:\/\/aromandala.com\/index.php?rest_route=\/wp\/v2\/types\/product"}],"replies":[{"embeddable":true,"href":"https:\/\/aromandala.com\/index.php?rest_route=%2Fwp%2Fv2%2Fcomments&post=127"}],"wp:featuredmedia":[{"embeddable":true,"href":"https:\/\/aromandala.com\/index.php?rest_route=\/wp\/v2\/media\/8"}],"wp:attachment":[{"href":"https:\/\/aromandala.com\/index.php?rest_route=%2Fwp%2Fv2%2Fmedia&parent=127"}],"wp:term":[{"taxonomy":"product_brand","embeddable":true,"href":"https:\/\/aromandala.com\/index.php?rest_route=%2Fwp%2Fv2%2Fproduct_brand&post=127"},{"taxonomy":"product_cat","embeddable":true,"href":"https:\/\/aromandala.com\/index.php?rest_route=%2Fwp%2Fv2%2Fproduct_cat&post=127"},{"taxonomy":"product_tag","embeddable":true,"href":"https:\/\/aromandala.com\/index.php?rest_route=%2Fwp%2Fv2%2Fproduct_tag&post=127"}],"curies":[{"name":"wp","href":"https:\/\/api.w.org\/{rel}","templated":true}]}}