{"id":106,"date":"2025-09-08T11:32:14","date_gmt":"2025-09-08T10:32:14","guid":{"rendered":"https:\/\/aromandala.com\/?post_type=product&#038;p=106"},"modified":"2025-12-02T23:34:38","modified_gmt":"2025-12-02T23:34:38","slug":"podkladka-okragla-serwetka-nr-1","status":"publish","type":"product","link":"https:\/\/aromandala.com\/?product=podkladka-okragla-serwetka-nr-1","title":{"rendered":"Podk\u0142adka okr\u0105g\u0142a (serwetka) nr 1"},"content":{"rendered":"<blockquote><p>Podk\u0142adka okr\u0105g\u0142a \u2014 idealna baza do Twojej aran\u017cacji!<\/p><\/blockquote>\n<p>\u200bSzukasz czego\u015b, co doda Twojemu sto\u0142owi ciep\u0142a i naturalnego uroku? Ta r\u0119cznie robiona podk\u0142adka to strza\u0142 w dziesi\u0105tk\u0119! Wykonana z mi\u0119kkiego, bawe\u0142nianego sznurka o grubo\u015bci 2 mm, jest lekka i delikatna, a jednocze\u015bnie bardzo trwa\u0142a.<\/p>\n<p>\u200bDzi\u0119ki \u015brednicy 35 cm sprawdzi si\u0119 zar\u00f3wno pod talerz obiadowy, jak i jako stylowa baza pod wazon czy mis\u0119 z owocami. Ca\u0142o\u015b\u0107 wyko\u0144czona jest dekoracyjnym ozdobnym \u015bciegiem. kt\u00f3ry nadaje jej unikalny i r\u0119kodzielniczy charakter.<\/p>\n<p>\u200bJest to praktyczny dodatek, kt\u00f3ry chroni blat, a jednocze\u015bnie w prosty spos\u00f3b odmienia wygl\u0105d ka\u017cdego sto\u0142u. Idealna do wn\u0119trz w stylu skandynawskim, boho czy klasycznym.<\/p>\n<p>&nbsp;<\/p>\n","protected":false},"excerpt":{"rendered":"<p>Podk\u0142adka okr\u0105g\u0142a &#8211; serwetka na st\u00f3\u0142 pod talerz obiadowy<\/p>\n","protected":false},"featured_media":131,"comment_status":"open","ping_status":"closed","template":"","meta":[],"product_brand":[],"product_cat":[33],"product_tag":[32,31,30],"class_list":{"0":"post-106","1":"product","2":"type-product","3":"status-publish","4":"has-post-thumbnail","6":"product_cat-serwetki","7":"product_tag-podkladka","8":"product_tag-serwetka","9":"product_tag-szary","10":"product_shipping_class-small-mala","12":"first","13":"instock","14":"shipping-taxable","15":"purchasable","16":"product-type-simple"},"_links":{"self":[{"href":"https:\/\/aromandala.com\/index.php?rest_route=\/wp\/v2\/product\/106","targetHints":{"allow":["GET"]}}],"collection":[{"href":"https:\/\/aromandala.com\/index.php?rest_route=\/wp\/v2\/product"}],"about":[{"href":"https:\/\/aromandala.com\/index.php?rest_route=\/wp\/v2\/types\/product"}],"replies":[{"embeddable":true,"href":"https:\/\/aromandala.com\/index.php?rest_route=%2Fwp%2Fv2%2Fcomments&post=106"}],"wp:featuredmedia":[{"embeddable":true,"href":"https:\/\/aromandala.com\/index.php?rest_route=\/wp\/v2\/media\/131"}],"wp:attachment":[{"href":"https:\/\/aromandala.com\/index.php?rest_route=%2Fwp%2Fv2%2Fmedia&parent=106"}],"wp:term":[{"taxonomy":"product_brand","embeddable":true,"href":"https:\/\/aromandala.com\/index.php?rest_route=%2Fwp%2Fv2%2Fproduct_brand&post=106"},{"taxonomy":"product_cat","embeddable":true,"href":"https:\/\/aromandala.com\/index.php?rest_route=%2Fwp%2Fv2%2Fproduct_cat&post=106"},{"taxonomy":"product_tag","embeddable":true,"href":"https:\/\/aromandala.com\/index.php?rest_route=%2Fwp%2Fv2%2Fproduct_tag&post=106"}],"curies":[{"name":"wp","href":"https:\/\/api.w.org\/{rel}","templated":true}]}}