{"id":21,"date":"2025-09-03T15:41:08","date_gmt":"2025-09-03T13:41:08","guid":{"rendered":"https:\/\/aromandala.com\/?page_id=21"},"modified":"2025-09-07T16:23:36","modified_gmt":"2025-09-07T15:23:36","slug":"koszyk","status":"publish","type":"page","link":"https:\/\/aromandala.com\/?page_id=21","title":{"rendered":"Koszyk"},"content":{"rendered":"\n<div data-block-name=\"woocommerce\/cart\" class=\"wp-block-woocommerce-cart alignwide is-loading\">\n<div data-block-name=\"woocommerce\/filled-cart-block\" class=\"wp-block-woocommerce-filled-cart-block\">\n<div data-block-name=\"woocommerce\/cart-items-block\" class=\"wp-block-woocommerce-cart-items-block\">\n<div data-block-name=\"woocommerce\/cart-line-items-block\" class=\"wp-block-woocommerce-cart-line-items-block\"><\/div>\n\n\n\n<div data-block-name=\"woocommerce\/cart-cross-sells-block\" class=\"wp-block-woocommerce-cart-cross-sells-block\">\n<h2 class=\"wp-block-heading has-large-font-size\">Zobacz inne r\u00f3wnie interesuj\u0105ce\u2026<\/h2>\n\n\n\n<div data-block-name=\"woocommerce\/cart-cross-sells-products-block\" class=\"wp-block-woocommerce-cart-cross-sells-products-block\"><\/div>\n<\/div>\n<\/div>\n\n\n\n<div data-block-name=\"woocommerce\/cart-totals-block\" class=\"wp-block-woocommerce-cart-totals-block\">\n<div data-block-name=\"woocommerce\/cart-order-summary-block\" class=\"wp-block-woocommerce-cart-order-summary-block\">\n<div data-block-name=\"woocommerce\/cart-order-summary-heading-block\" class=\"wp-block-woocommerce-cart-order-summary-heading-block\"><\/div><div data-block-name=\"woocommerce\/cart-order-summary-coupon-form-block\" class=\"wp-block-woocommerce-cart-order-summary-coupon-form-block\"><\/div><div data-block-name=\"woocommerce\/cart-order-summary-totals-block\" class=\"wp-block-woocommerce-cart-order-summary-totals-block\">\n<div data-block-name=\"woocommerce\/cart-order-summary-subtotal-block\" class=\"wp-block-woocommerce-cart-order-summary-subtotal-block\"><\/div>\n<div data-block-name=\"woocommerce\/cart-order-summary-discount-block\" class=\"wp-block-woocommerce-cart-order-summary-discount-block\"><\/div>\n<div data-block-name=\"woocommerce\/cart-order-summary-fee-block\" class=\"wp-block-woocommerce-cart-order-summary-fee-block\"><\/div>\n<div data-block-name=\"woocommerce\/cart-order-summary-shipping-block\" class=\"wp-block-woocommerce-cart-order-summary-shipping-block\"><\/div>\n<div data-block-name=\"woocommerce\/cart-order-summary-taxes-block\" class=\"wp-block-woocommerce-cart-order-summary-taxes-block\"><\/div><\/div>\n<\/div>\n\n\n\n<div data-block-name=\"woocommerce-paypal-payments\/cart-paylater-messages\" data-pp-placement=\"cart\" data-pp-style-layout=\"text\" data-pp-style-logo-position=\"\" data-pp-style-logo-type=\"\" data-pp-style-text-color=\"\" data-pp-style-text-size=\"\" id=\"ppcp-cart-paylater-messages\" class=\"ppcp-messages\" data-partner-attribution-id=\"Woo_PPCP\"><\/div><div data-block-name=\"woocommerce\/cart-express-payment-block\" class=\"wp-block-woocommerce-cart-express-payment-block\"><\/div>\n\n\n\n<div data-block-name=\"woocommerce\/proceed-to-checkout-block\" class=\"wp-block-woocommerce-proceed-to-checkout-block\"><\/div>\n<div id=\"ppcp-recaptcha-v2-container\" style=\"margin:20px 0;\"><\/div>\n\n\n<div data-block-name=\"woocommerce\/cart-accepted-payment-methods-block\" class=\"wp-block-woocommerce-cart-accepted-payment-methods-block\"><\/div>\n<\/div>\n<\/div>\n\n\n\n<div data-block-name=\"woocommerce\/empty-cart-block\" class=\"wp-block-woocommerce-empty-cart-block\">\n<h2 class=\"wp-block-heading has-text-align-center with-empty-cart-icon wc-block-cart__empty-cart__title\">Tw\u00f3j koszyk jest obecnie pusty!<\/h2>\n\n\n\n<hr class=\"wp-block-separator has-alpha-channel-opacity is-style-dots\"\/>\n\n\n\n<h2 class=\"wp-block-heading has-text-align-center\">Nowe w sklepie<\/h2>\n\n\n<div data-block-name=\"woocommerce\/product-new\" data-columns=\"4\" data-rows=\"1\" class=\"wc-block-grid wp-block-product-new wp-block-woocommerce-product-new wc-block-product-new has-4-columns\"><ul class=\"wc-block-grid__products\"><li class=\"wc-block-grid__product\">\n\t\t\t\t<a href=\"https:\/\/aromandala.com\/?product=dywan-szydelkowy-ze-sznurka-bawelnianego\" class=\"wc-block-grid__product-link\">\n\t\t\t\t\t\n\t\t\t\t\t<div class=\"wc-block-grid__product-image\"><img loading=\"lazy\" decoding=\"async\" width=\"300\" height=\"300\" src=\"https:\/\/aromandala.com\/wp-content\/uploads\/2025\/12\/IMG20251114100324-300x300.jpg\" class=\"attachment-woocommerce_thumbnail size-woocommerce_thumbnail\" alt=\"Dywan Szyde\u0142kowy ze sznurka bawe\u0142nianego\" srcset=\"https:\/\/aromandala.com\/wp-content\/uploads\/2025\/12\/IMG20251114100324-300x300.jpg 300w, https:\/\/aromandala.com\/wp-content\/uploads\/2025\/12\/IMG20251114100324-1024x1024.jpg 1024w, https:\/\/aromandala.com\/wp-content\/uploads\/2025\/12\/IMG20251114100324-150x150.jpg 150w, https:\/\/aromandala.com\/wp-content\/uploads\/2025\/12\/IMG20251114100324-768x768.jpg 768w, https:\/\/aromandala.com\/wp-content\/uploads\/2025\/12\/IMG20251114100324-1536x1536.jpg 1536w, https:\/\/aromandala.com\/wp-content\/uploads\/2025\/12\/IMG20251114100324-860x860.jpg 860w, https:\/\/aromandala.com\/wp-content\/uploads\/2025\/12\/IMG20251114100324-1320x1320.jpg 1320w, https:\/\/aromandala.com\/wp-content\/uploads\/2025\/12\/IMG20251114100324-600x600.jpg 600w, https:\/\/aromandala.com\/wp-content\/uploads\/2025\/12\/IMG20251114100324-100x100.jpg 100w, https:\/\/aromandala.com\/wp-content\/uploads\/2025\/12\/IMG20251114100324.jpg 2048w\" sizes=\"auto, (max-width: 300px) 100vw, 300px\" \/><\/div>\n\t\t\t\t\t<div class=\"wc-block-grid__product-title\">Dywan Szyde\u0142kowy ze sznurka bawe\u0142nianego<\/div>\n\t\t\t\t<\/a>\n\t\t\t\t<div class=\"wc-block-grid__product-price price\"><span class=\"woocommerce-Price-amount amount\">120,00&nbsp;<span class=\"woocommerce-Price-currencySymbol\">&pound;<\/span><\/span><\/div>\n\t\t\t\t\n\t\t\t\t<div class=\"wp-block-button wc-block-grid__product-add-to-cart\"><a href=\"\/index.php?rest_route=%2Fwp%2Fv2%2Fpages%2F21&#038;add-to-cart=184\" aria-label=\"Dodaj do koszyka: &bdquo;Dywan Szyde\u0142kowy ze sznurka bawe\u0142nianego&rdquo;\" data-quantity=\"1\" data-product_id=\"184\" data-product_sku=\"DYW- 0001\" data-price=\"120\" rel=\"nofollow\" class=\"wp-block-button__link  add_to_cart_button ajax_add_to_cart\">Dodaj do koszyka<\/a><\/div>\n\t\t\t<\/li><li class=\"wc-block-grid__product\">\n\t\t\t\t<a href=\"https:\/\/aromandala.com\/?product=bombka-szydelkowa-8-cm\" class=\"wc-block-grid__product-link\">\n\t\t\t\t\t\n\t\t\t\t\t<div class=\"wc-block-grid__product-image\"><img loading=\"lazy\" decoding=\"async\" width=\"300\" height=\"300\" src=\"https:\/\/aromandala.com\/wp-content\/uploads\/2025\/11\/04_Christmas-3-1-300x300.jpg\" class=\"attachment-woocommerce_thumbnail size-woocommerce_thumbnail\" alt=\"Bombka  Szyde\u0142kowa (8 cm)\" srcset=\"https:\/\/aromandala.com\/wp-content\/uploads\/2025\/11\/04_Christmas-3-1-300x300.jpg 300w, https:\/\/aromandala.com\/wp-content\/uploads\/2025\/11\/04_Christmas-3-1-1024x1024.jpg 1024w, https:\/\/aromandala.com\/wp-content\/uploads\/2025\/11\/04_Christmas-3-1-150x150.jpg 150w, https:\/\/aromandala.com\/wp-content\/uploads\/2025\/11\/04_Christmas-3-1-768x768.jpg 768w, https:\/\/aromandala.com\/wp-content\/uploads\/2025\/11\/04_Christmas-3-1-860x860.jpg 860w, https:\/\/aromandala.com\/wp-content\/uploads\/2025\/11\/04_Christmas-3-1-1320x1320.jpg 1320w, https:\/\/aromandala.com\/wp-content\/uploads\/2025\/11\/04_Christmas-3-1-600x600.jpg 600w, https:\/\/aromandala.com\/wp-content\/uploads\/2025\/11\/04_Christmas-3-1-100x100.jpg 100w, https:\/\/aromandala.com\/wp-content\/uploads\/2025\/11\/04_Christmas-3-1.jpg 1512w\" sizes=\"auto, (max-width: 300px) 100vw, 300px\" \/><\/div>\n\t\t\t\t\t<div class=\"wc-block-grid__product-title\">Bombka  Szyde\u0142kowa (8 cm)<\/div>\n\t\t\t\t<\/a>\n\t\t\t\t<div class=\"wc-block-grid__product-price price\"><span class=\"woocommerce-Price-amount amount\">8,00&nbsp;<span class=\"woocommerce-Price-currencySymbol\">&pound;<\/span><\/span><\/div>\n\t\t\t\t\n\t\t\t\t<div class=\"wp-block-button wc-block-grid__product-add-to-cart\"><a href=\"\/index.php?rest_route=%2Fwp%2Fv2%2Fpages%2F21&#038;add-to-cart=182\" aria-label=\"Dodaj do koszyka: &bdquo;Bombka  Szyde\u0142kowa (8 cm)&rdquo;\" data-quantity=\"1\" data-product_id=\"182\" data-product_sku=\"BOM- 0001\" data-price=\"8\" rel=\"nofollow\" class=\"wp-block-button__link  add_to_cart_button ajax_add_to_cart\">Dodaj do koszyka<\/a><\/div>\n\t\t\t<\/li><li class=\"wc-block-grid__product\">\n\t\t\t\t<a href=\"https:\/\/aromandala.com\/?product=torebka-plaster-miodu\" class=\"wc-block-grid__product-link\">\n\t\t\t\t\t\n\t\t\t\t\t<div class=\"wc-block-grid__product-image\"><img loading=\"lazy\" decoding=\"async\" width=\"300\" height=\"300\" src=\"https:\/\/aromandala.com\/wp-content\/uploads\/2025\/09\/fc8fbed8-1a7e-4726-bb52-301a392723ee-1-300x300.jpg\" class=\"attachment-woocommerce_thumbnail size-woocommerce_thumbnail\" alt=\"Torebka &quot;Plaster miodu&quot;\" srcset=\"https:\/\/aromandala.com\/wp-content\/uploads\/2025\/09\/fc8fbed8-1a7e-4726-bb52-301a392723ee-1-300x300.jpg 300w, https:\/\/aromandala.com\/wp-content\/uploads\/2025\/09\/fc8fbed8-1a7e-4726-bb52-301a392723ee-1-150x150.jpg 150w, https:\/\/aromandala.com\/wp-content\/uploads\/2025\/09\/fc8fbed8-1a7e-4726-bb52-301a392723ee-1-860x860.jpg 860w, https:\/\/aromandala.com\/wp-content\/uploads\/2025\/09\/fc8fbed8-1a7e-4726-bb52-301a392723ee-1-100x100.jpg 100w\" sizes=\"auto, (max-width: 300px) 100vw, 300px\" \/><\/div>\n\t\t\t\t\t<div class=\"wc-block-grid__product-title\">Torebka &#8222;Plaster miodu&#8221;<\/div>\n\t\t\t\t<\/a>\n\t\t\t\t<div class=\"wc-block-grid__product-price price\"><span class=\"woocommerce-Price-amount amount\">60,00&nbsp;<span class=\"woocommerce-Price-currencySymbol\">&pound;<\/span><\/span><\/div>\n\t\t\t\t\n\t\t\t\t<div class=\"wp-block-button wc-block-grid__product-add-to-cart\"><a href=\"\/index.php?rest_route=%2Fwp%2Fv2%2Fpages%2F21&#038;add-to-cart=139\" aria-label=\"Dodaj do koszyka: &bdquo;Torebka &quot;Plaster miodu&quot;&rdquo;\" data-quantity=\"1\" data-product_id=\"139\" data-product_sku=\"TOR-0002\" data-price=\"60\" rel=\"nofollow\" class=\"wp-block-button__link  add_to_cart_button ajax_add_to_cart\">Dodaj do koszyka<\/a><\/div>\n\t\t\t<\/li><li class=\"wc-block-grid__product\">\n\t\t\t\t<a href=\"https:\/\/aromandala.com\/?product=podkladka-okragla-serwetka-nr-1\" class=\"wc-block-grid__product-link\">\n\t\t\t\t\t\n\t\t\t\t\t<div class=\"wc-block-grid__product-image\"><img loading=\"lazy\" decoding=\"async\" width=\"300\" height=\"300\" src=\"https:\/\/aromandala.com\/wp-content\/uploads\/2025\/09\/Messenger_creation_6634EE0B-70F5-4428-8DF9-A9B75EF9ECFD-300x300.jpeg\" class=\"attachment-woocommerce_thumbnail size-woocommerce_thumbnail\" alt=\"Podk\u0142adka okr\u0105g\u0142a (serwetka) nr 1\" srcset=\"https:\/\/aromandala.com\/wp-content\/uploads\/2025\/09\/Messenger_creation_6634EE0B-70F5-4428-8DF9-A9B75EF9ECFD-300x300.jpeg 300w, https:\/\/aromandala.com\/wp-content\/uploads\/2025\/09\/Messenger_creation_6634EE0B-70F5-4428-8DF9-A9B75EF9ECFD-150x150.jpeg 150w, https:\/\/aromandala.com\/wp-content\/uploads\/2025\/09\/Messenger_creation_6634EE0B-70F5-4428-8DF9-A9B75EF9ECFD-860x860.jpeg 860w, https:\/\/aromandala.com\/wp-content\/uploads\/2025\/09\/Messenger_creation_6634EE0B-70F5-4428-8DF9-A9B75EF9ECFD-100x100.jpeg 100w\" sizes=\"auto, (max-width: 300px) 100vw, 300px\" \/><\/div>\n\t\t\t\t\t<div class=\"wc-block-grid__product-title\">Podk\u0142adka okr\u0105g\u0142a (serwetka) nr 1<\/div>\n\t\t\t\t<\/a>\n\t\t\t\t<div class=\"wc-block-grid__product-price price\"><span class=\"woocommerce-Price-amount amount\">8,00&nbsp;<span class=\"woocommerce-Price-currencySymbol\">&pound;<\/span><\/span><\/div>\n\t\t\t\t\n\t\t\t\t<div class=\"wp-block-button wc-block-grid__product-add-to-cart\"><a href=\"\/index.php?rest_route=%2Fwp%2Fv2%2Fpages%2F21&#038;add-to-cart=106\" aria-label=\"Dodaj do koszyka: &bdquo;Podk\u0142adka okr\u0105g\u0142a (serwetka) nr 1&rdquo;\" data-quantity=\"1\" data-product_id=\"106\" data-product_sku=\"SER-0001\" data-price=\"8\" rel=\"nofollow\" class=\"wp-block-button__link  add_to_cart_button ajax_add_to_cart\">Dodaj do koszyka<\/a><\/div>\n\t\t\t<\/li><\/ul><\/div><\/div>\n<\/div>\n","protected":false},"excerpt":{"rendered":"","protected":false},"author":1,"featured_media":0,"parent":0,"menu_order":0,"comment_status":"closed","ping_status":"closed","template":"","meta":{"footnotes":""},"class_list":["post-21","page","type-page","status-publish","hentry"],"_links":{"self":[{"href":"https:\/\/aromandala.com\/index.php?rest_route=\/wp\/v2\/pages\/21","targetHints":{"allow":["GET"]}}],"collection":[{"href":"https:\/\/aromandala.com\/index.php?rest_route=\/wp\/v2\/pages"}],"about":[{"href":"https:\/\/aromandala.com\/index.php?rest_route=\/wp\/v2\/types\/page"}],"author":[{"embeddable":true,"href":"https:\/\/aromandala.com\/index.php?rest_route=\/wp\/v2\/users\/1"}],"replies":[{"embeddable":true,"href":"https:\/\/aromandala.com\/index.php?rest_route=%2Fwp%2Fv2%2Fcomments&post=21"}],"version-history":[{"count":1,"href":"https:\/\/aromandala.com\/index.php?rest_route=\/wp\/v2\/pages\/21\/revisions"}],"predecessor-version":[{"id":108,"href":"https:\/\/aromandala.com\/index.php?rest_route=\/wp\/v2\/pages\/21\/revisions\/108"}],"wp:attachment":[{"href":"https:\/\/aromandala.com\/index.php?rest_route=%2Fwp%2Fv2%2Fmedia&parent=21"}],"curies":[{"name":"wp","href":"https:\/\/api.w.org\/{rel}","templated":true}]}}